{"id":642,"date":"2021-02-12T14:20:32","date_gmt":"2021-02-12T14:20:32","guid":{"rendered":"https:\/\/hotelmelius.com\/bar-copy\/"},"modified":"2021-06-16T20:08:29","modified_gmt":"2021-06-16T20:08:29","slug":"padel","status":"publish","type":"page","link":"https:\/\/hotelmelius.com\/en\/padel\/","title":{"rendered":"Padel"},"content":{"rendered":"<p>[et_pb_section fb_built=&#8221;1&#8243; _builder_version=&#8221;4.9.0&#8243; _module_preset=&#8221;default&#8221; background_enable_color=&#8221;off&#8221; background_image=&#8221;https:\/\/hotelmelius.com\/wp-content\/uploads\/2021\/02\/padel_header.jpg&#8221; parallax=&#8221;on&#8221; min_height=&#8221;300px&#8221; height=&#8221;50vh&#8221; max_height=&#8221;600px&#8221; custom_margin=&#8221;0px|0px|0px|0px|false|false&#8221; custom_padding=&#8221;0px|0px|0px|0px|false|false&#8221; locked=&#8221;off&#8221; collapsed=&#8221;on&#8221;][et_pb_row use_custom_gutter=&#8221;on&#8221; gutter_width=&#8221;1&#8243; _builder_version=&#8221;4.9.0&#8243; _module_preset=&#8221;default&#8221; background_color=&#8221;rgba(255,255,255,0.78)&#8221; width=&#8221;40%&#8221; module_alignment=&#8221;right&#8221; custom_margin=&#8221;60px||||false|false&#8221; border_radii=&#8221;off|8px|||8px&#8221; collapsed=&#8221;off&#8221; disabled_on=&#8221;on|off|off&#8221;][et_pb_column type=&#8221;4_4&#8243; _builder_version=&#8221;4.9.0&#8243; _module_preset=&#8221;default&#8221; background_color=&#8221;RGBA(0,0,0,0)&#8221; positioning=&#8221;none&#8221; position_origin_a=&#8221;center_center&#8221; custom_padding=&#8221;||||false|false&#8221;][et_pb_text _builder_version=&#8221;4.9.0&#8243; _module_preset=&#8221;default&#8221; text_font=&#8221;Montserrat||||||||&#8221; text_font_size=&#8221;17px&#8221; text_line_height=&#8221;1.2em&#8221; background_color=&#8221;RGBA(0,0,0,0)&#8221; text_orientation=&#8221;right&#8221; custom_padding=&#8221;|30px||30px|false|false&#8221;]<\/p>\n<p>Para os amantes de desporto, ou apenas por hobby, temos dois campos de Padel \u00e0 sua disposi\u00e7\u00e3o.<\/p>\n<p>N\u00e3o poder\u00e1 perder o campo de padel, novinho em folha!<\/p>\n<p>[\/et_pb_text][\/et_pb_column][\/et_pb_row][\/et_pb_section][et_pb_section fb_built=&#8221;1&#8243; _builder_version=&#8221;4.9.0&#8243; _module_preset=&#8221;default&#8221; custom_margin=&#8221;0px||0px||false|false&#8221; custom_padding=&#8221;30px||30px||false|false&#8221; locked=&#8221;off&#8221; collapsed=&#8221;on&#8221;][et_pb_row _builder_version=&#8221;4.9.0&#8243; _module_preset=&#8221;default&#8221; custom_margin=&#8221;0px||0px||false|false&#8221; custom_padding=&#8221;0px||0px||false|false&#8221; collapsed=&#8221;off&#8221;][et_pb_column type=&#8221;4_4&#8243; _builder_version=&#8221;4.9.0&#8243; _module_preset=&#8221;default&#8221;][et_pb_text _builder_version=&#8221;4.9.0&#8243; _module_preset=&#8221;default&#8221; text_font=&#8221;Lato|300|||||||&#8221; text_font_size=&#8221;32px&#8221; text_line_height=&#8221;35px&#8221;]<\/p>\n<p style=\"text-align: center;\">Colocamos \u00e0 sua disposi\u00e7\u00e3o dois campos de Padel de \u00faltima gera\u00e7\u00e3o, que poder\u00e1 reservar para marcar jogos com os seus amigos.<\/p>\n<p style=\"text-align: center;\">Aproveite para jogar a modalidade desportiva do momento.<\/p>\n<p>[\/et_pb_text][\/et_pb_column][\/et_pb_row][\/et_pb_section][et_pb_section fb_built=&#8221;1&#8243; _builder_version=&#8221;4.9.0&#8243; _module_preset=&#8221;default&#8221; background_color=&#8221;#D6D6D6&#8243; locked=&#8221;off&#8221; collapsed=&#8221;off&#8221;][et_pb_row column_structure=&#8221;3_5,2_5&#8243; _builder_version=&#8221;4.9.0&#8243; _module_preset=&#8221;default&#8221;][et_pb_column type=&#8221;3_5&#8243; _builder_version=&#8221;4.9.0&#8243; _module_preset=&#8221;default&#8221;][et_pb_text module_class=&#8221;bgzoomin&#8221; _builder_version=&#8221;4.9.0&#8243; _module_preset=&#8221;default&#8221; background_image=&#8221;https:\/\/hotelmelius.com\/wp-content\/uploads\/2021\/02\/Padel5.jpg&#8221; min_height=&#8221;206px&#8221; max_height=&#8221;206px&#8221;][\/et_pb_text][\/et_pb_column][et_pb_column type=&#8221;2_5&#8243; _builder_version=&#8221;4.9.0&#8243; _module_preset=&#8221;default&#8221;][et_pb_text module_class=&#8221;bgzoomin&#8221; _builder_version=&#8221;4.9.0&#8243; _module_preset=&#8221;default&#8221; background_image=&#8221;https:\/\/hotelmelius.com\/wp-content\/uploads\/2021\/02\/Padel2.jpg&#8221; min_height=&#8221;206px&#8221; max_height=&#8221;206px&#8221;][\/et_pb_text][\/et_pb_column][\/et_pb_row][et_pb_row column_structure=&#8221;2_5,3_5&#8243; _builder_version=&#8221;4.9.0&#8243; _module_preset=&#8221;default&#8221;][et_pb_column type=&#8221;2_5&#8243; _builder_version=&#8221;4.9.0&#8243; _module_preset=&#8221;default&#8221;][et_pb_text module_class=&#8221;bgzoomin&#8221; _builder_version=&#8221;4.9.0&#8243; _module_preset=&#8221;default&#8221; background_image=&#8221;https:\/\/hotelmelius.com\/wp-content\/uploads\/2021\/02\/Padel4.jpg&#8221; min_height=&#8221;206px&#8221; max_height=&#8221;206px&#8221;][\/et_pb_text][\/et_pb_column][et_pb_column type=&#8221;3_5&#8243; _builder_version=&#8221;4.9.0&#8243; _module_preset=&#8221;default&#8221;][et_pb_text module_class=&#8221;bgzoomin&#8221; _builder_version=&#8221;4.9.0&#8243; _module_preset=&#8221;default&#8221; background_image=&#8221;https:\/\/hotelmelius.com\/wp-content\/uploads\/2021\/02\/Padel1.jpg&#8221; min_height=&#8221;206px&#8221; max_height=&#8221;206px&#8221;][\/et_pb_text][\/et_pb_column][\/et_pb_row][et_pb_row column_structure=&#8221;3_5,2_5&#8243; _builder_version=&#8221;4.9.0&#8243; _module_preset=&#8221;default&#8221;][et_pb_column type=&#8221;3_5&#8243; _builder_version=&#8221;4.9.0&#8243; _module_preset=&#8221;default&#8221;][et_pb_text module_class=&#8221;bgzoomin&#8221; _builder_version=&#8221;4.9.0&#8243; _module_preset=&#8221;default&#8221; background_image=&#8221;https:\/\/hotelmelius.com\/wp-content\/uploads\/2021\/02\/padel_5.jpg&#8221; min_height=&#8221;206px&#8221; max_height=&#8221;206px&#8221;][\/et_pb_text][\/et_pb_column][et_pb_column type=&#8221;2_5&#8243; _builder_version=&#8221;4.9.0&#8243; _module_preset=&#8221;default&#8221;][et_pb_text module_class=&#8221;bgzoomin&#8221; _builder_version=&#8221;4.9.0&#8243; _module_preset=&#8221;default&#8221; background_image=&#8221;https:\/\/hotelmelius.com\/wp-content\/uploads\/2021\/02\/padel_6.jpg&#8221; min_height=&#8221;206px&#8221; max_height=&#8221;206px&#8221;][\/et_pb_text][et_pb_button button_url=&#8221;https:\/\/www.aircourts.com\/index.php\/site\/view_club\/376&#8243; url_new_window=&#8221;on&#8221; button_text=&#8221;Reservar&#8221; button_alignment=&#8221;right&#8221; _builder_version=&#8221;4.9.0&#8243; _module_preset=&#8221;default&#8221; custom_button=&#8221;on&#8221; button_text_color=&#8221;#FFFFFF&#8221; button_bg_color=&#8221;#3e354b&#8221; button_border_width=&#8221;0px&#8221; button_border_radius=&#8221;3px&#8221; button_font=&#8221;Montserrat||||||||&#8221; button_icon=&#8221;%%128%%&#8221; button_icon_color=&#8221;#FFFFFF&#8221;][\/et_pb_button][\/et_pb_column][\/et_pb_row][\/et_pb_section]<\/p>\n","protected":false},"excerpt":{"rendered":"<p>Para os amantes de desporto, ou apenas por hobby, temos dois campos de Padel \u00e0 sua disposi\u00e7\u00e3o. N\u00e3o poder\u00e1 perder o campo de padel, novinho em folha!Colocamos \u00e0 sua disposi\u00e7\u00e3o dois campos de Padel de \u00faltima gera\u00e7\u00e3o, que poder\u00e1 reservar para marcar jogos com os seus amigos. Aproveite para jogar a modalidade desportiva do momento.<\/p>","protected":false},"author":1,"featured_media":0,"parent":0,"menu_order":0,"comment_status":"closed","ping_status":"closed","template":"","meta":{"_et_pb_use_builder":"on","_et_pb_old_content":"","_et_gb_content_width":"","_monsterinsights_skip_tracking":false,"_monsterinsights_sitenote_active":false,"_monsterinsights_sitenote_note":"","_monsterinsights_sitenote_category":0,"footnotes":""},"class_list":["post-642","page","type-page","status-publish","hentry"],"_links":{"self":[{"href":"https:\/\/hotelmelius.com\/en\/wp-json\/wp\/v2\/pages\/642","targetHints":{"allow":["GET"]}}],"collection":[{"href":"https:\/\/hotelmelius.com\/en\/wp-json\/wp\/v2\/pages"}],"about":[{"href":"https:\/\/hotelmelius.com\/en\/wp-json\/wp\/v2\/types\/page"}],"author":[{"embeddable":true,"href":"https:\/\/hotelmelius.com\/en\/wp-json\/wp\/v2\/users\/1"}],"replies":[{"embeddable":true,"href":"https:\/\/hotelmelius.com\/en\/wp-json\/wp\/v2\/comments?post=642"}],"version-history":[{"count":0,"href":"https:\/\/hotelmelius.com\/en\/wp-json\/wp\/v2\/pages\/642\/revisions"}],"wp:attachment":[{"href":"https:\/\/hotelmelius.com\/en\/wp-json\/wp\/v2\/media?parent=642"}],"curies":[{"name":"wp","href":"https:\/\/api.w.org\/{rel}","templated":true}]}}