{"id":639,"date":"2021-02-12T11:56:11","date_gmt":"2021-02-12T11:56:11","guid":{"rendered":"https:\/\/hotelmelius.com\/quartos-copy-copy\/"},"modified":"2021-06-16T20:07:35","modified_gmt":"2021-06-16T20:07:35","slug":"sala-de-reunioes","status":"publish","type":"page","link":"https:\/\/hotelmelius.com\/en\/sala-de-reunioes\/","title":{"rendered":"Sala de Reuni\u00f5es"},"content":{"rendered":"<p>[et_pb_section fb_built=&#8221;1&#8243; admin_label=&#8221;Section&#8221; _builder_version=&#8221;4.9.3&#8243; _module_preset=&#8221;default&#8221; background_enable_color=&#8221;off&#8221; background_image=&#8221;https:\/\/hotelmelius.com\/wp-content\/uploads\/2021\/05\/meeting_room.jpg&#8221; parallax=&#8221;on&#8221; min_height=&#8221;300px&#8221; height=&#8221;50vh&#8221; max_height=&#8221;600px&#8221; custom_margin=&#8221;0px|0px|0px|0px|false|false&#8221; custom_padding=&#8221;0px|0px|0px|0px|false|false&#8221; locked=&#8221;off&#8221; collapsed=&#8221;off&#8221;][et_pb_row use_custom_gutter=&#8221;on&#8221; gutter_width=&#8221;1&#8243; _builder_version=&#8221;4.9.0&#8243; _module_preset=&#8221;default&#8221; background_color=&#8221;rgba(255,255,255,0.78)&#8221; width=&#8221;30%&#8221; module_alignment=&#8221;right&#8221; custom_margin=&#8221;60px||||false|false&#8221; border_radii=&#8221;off|8px|||8px&#8221; collapsed=&#8221;on&#8221; disabled_on=&#8221;on|off|off&#8221;][et_pb_column type=&#8221;4_4&#8243; _builder_version=&#8221;4.9.0&#8243; _module_preset=&#8221;default&#8221; background_color=&#8221;RGBA(0,0,0,0)&#8221; positioning=&#8221;none&#8221; position_origin_a=&#8221;center_center&#8221; custom_padding=&#8221;||||false|false&#8221;][et_pb_text _builder_version=&#8221;4.9.0&#8243; _module_preset=&#8221;default&#8221; text_font=&#8221;Montserrat||||||||&#8221; text_font_size=&#8221;17px&#8221; text_line_height=&#8221;1.2em&#8221; background_color=&#8221;RGBA(0,0,0,0)&#8221; text_orientation=&#8221;right&#8221; custom_padding=&#8221;|30px||30px|false|false&#8221;]<\/p>\n<h4 class=\"title\">O espa\u00e7o perfeito para a sua reuni\u00e3o, mas n\u00e3o s\u00f3!<\/h4>\n<p>[\/et_pb_text][\/et_pb_column][\/et_pb_row][\/et_pb_section][et_pb_section fb_built=&#8221;1&#8243; _builder_version=&#8221;4.9.0&#8243; _module_preset=&#8221;default&#8221; custom_margin=&#8221;0px||0px||false|false&#8221; custom_padding=&#8221;30px||30px||false|false&#8221; locked=&#8221;off&#8221; collapsed=&#8221;on&#8221;][et_pb_row _builder_version=&#8221;4.9.0&#8243; _module_preset=&#8221;default&#8221; custom_margin=&#8221;0px||0px||false|false&#8221; custom_padding=&#8221;0px||0px||false|false&#8221; collapsed=&#8221;off&#8221;][et_pb_column type=&#8221;4_4&#8243; _builder_version=&#8221;4.9.0&#8243; _module_preset=&#8221;default&#8221;][et_pb_text _builder_version=&#8221;4.9.0&#8243; _module_preset=&#8221;default&#8221; text_font=&#8221;Lato|300|||||||&#8221; text_font_size=&#8221;32px&#8221; text_line_height=&#8221;35px&#8221;]<\/p>\n<p style=\"text-align: center;\">A Sala Soror Mariana, com 60 m2, tem capacidade para 50 lugares dispostos em plateia ou 30 lugares em escola, constituindo um bom espa\u00e7o para reuni\u00f5es, apresenta\u00e7\u00e3o de produtos e outros eventos.<\/p>\n<p style=\"text-align: center;\">Disp\u00f5e de acesso a internet wireless, ar condicionado e material audiovisual de apoio.<\/p>\n<p style=\"text-align: center;\">O Bar fornece apoio para \u201ccoffee break\u201d.<\/p>\n<p>[\/et_pb_text][\/et_pb_column][\/et_pb_row][\/et_pb_section][et_pb_section fb_built=&#8221;1&#8243; _builder_version=&#8221;4.9.0&#8243; _module_preset=&#8221;default&#8221; background_color=&#8221;#D6D6D6&#8243; locked=&#8221;off&#8221; collapsed=&#8221;off&#8221;][et_pb_row column_structure=&#8221;2_5,3_5&#8243; _builder_version=&#8221;4.9.0&#8243; _module_preset=&#8221;default&#8221;][et_pb_column type=&#8221;2_5&#8243; _builder_version=&#8221;4.9.0&#8243; _module_preset=&#8221;default&#8221;][et_pb_text module_class=&#8221;bgzoomin&#8221; _builder_version=&#8221;4.9.0&#8243; _module_preset=&#8221;default&#8221; background_image=&#8221;https:\/\/hotelmelius.com\/wp-content\/uploads\/2021\/02\/sala1.jpg&#8221; min_height=&#8221;206px&#8221; max_height=&#8221;206px&#8221;][\/et_pb_text][\/et_pb_column][et_pb_column type=&#8221;3_5&#8243; _builder_version=&#8221;4.9.0&#8243; _module_preset=&#8221;default&#8221;][et_pb_text module_class=&#8221;bgzoomin&#8221; _builder_version=&#8221;4.9.3&#8243; _module_preset=&#8221;default&#8221; background_image=&#8221;https:\/\/hotelmelius.com\/wp-content\/uploads\/2021\/05\/Meetings1.jpg&#8221; min_height=&#8221;206px&#8221; max_height=&#8221;206px&#8221;][\/et_pb_text][\/et_pb_column][\/et_pb_row][et_pb_row column_structure=&#8221;3_5,2_5&#8243; _builder_version=&#8221;4.9.0&#8243; _module_preset=&#8221;default&#8221;][et_pb_column type=&#8221;3_5&#8243; _builder_version=&#8221;4.9.0&#8243; _module_preset=&#8221;default&#8221;][et_pb_text module_class=&#8221;bgzoomin&#8221; _builder_version=&#8221;4.9.0&#8243; _module_preset=&#8221;default&#8221; background_image=&#8221;https:\/\/hotelmelius.com\/wp-content\/uploads\/2021\/02\/sala4.jpg&#8221; min_height=&#8221;206px&#8221; max_height=&#8221;206px&#8221;][\/et_pb_text][\/et_pb_column][et_pb_column type=&#8221;2_5&#8243; _builder_version=&#8221;4.9.0&#8243; _module_preset=&#8221;default&#8221;][et_pb_text module_class=&#8221;bgzoomin&#8221; _builder_version=&#8221;4.9.0&#8243; _module_preset=&#8221;default&#8221; background_image=&#8221;https:\/\/hotelmelius.com\/wp-content\/uploads\/2021\/02\/sala3jpg.jpg&#8221; min_height=&#8221;206px&#8221; max_height=&#8221;206px&#8221;][\/et_pb_text][\/et_pb_column][\/et_pb_row][et_pb_row column_structure=&#8221;1_3,1_3,1_3&#8243; _builder_version=&#8221;4.9.0&#8243; _module_preset=&#8221;default&#8221;][et_pb_column type=&#8221;1_3&#8243; _builder_version=&#8221;4.9.0&#8243; _module_preset=&#8221;default&#8221;][\/et_pb_column][et_pb_column type=&#8221;1_3&#8243; _builder_version=&#8221;4.9.0&#8243; _module_preset=&#8221;default&#8221;][et_pb_button button_url=&#8221;tel:00351284313080&#8243; button_text=&#8221;Reservar&#8221; button_alignment=&#8221;center&#8221; _builder_version=&#8221;4.9.2&#8243; _module_preset=&#8221;default&#8221; custom_button=&#8221;on&#8221; button_text_color=&#8221;#000000&#8243;][\/et_pb_button][\/et_pb_column][et_pb_column type=&#8221;1_3&#8243; _builder_version=&#8221;4.9.0&#8243; _module_preset=&#8221;default&#8221;][\/et_pb_column][\/et_pb_row][\/et_pb_section]<\/p>\n","protected":false},"excerpt":{"rendered":"<p>O espa\u00e7o perfeito para a sua reuni\u00e3o, mas n\u00e3o s\u00f3!A Sala Soror Mariana, com 60 m2, tem capacidade para 50 lugares dispostos em plateia ou 30 lugares em escola, constituindo um bom espa\u00e7o para reuni\u00f5es, apresenta\u00e7\u00e3o de produtos e outros eventos. Disp\u00f5e de acesso a internet wireless, ar condicionado e material audiovisual de apoio. O [&hellip;]<\/p>\n","protected":false},"author":1,"featured_media":0,"parent":0,"menu_order":0,"comment_status":"closed","ping_status":"closed","template":"","meta":{"_et_pb_use_builder":"on","_et_pb_old_content":"","_et_gb_content_width":"","_monsterinsights_skip_tracking":false,"_monsterinsights_sitenote_active":false,"_monsterinsights_sitenote_note":"","_monsterinsights_sitenote_category":0,"footnotes":""},"class_list":["post-639","page","type-page","status-publish","hentry"],"_links":{"self":[{"href":"https:\/\/hotelmelius.com\/en\/wp-json\/wp\/v2\/pages\/639","targetHints":{"allow":["GET"]}}],"collection":[{"href":"https:\/\/hotelmelius.com\/en\/wp-json\/wp\/v2\/pages"}],"about":[{"href":"https:\/\/hotelmelius.com\/en\/wp-json\/wp\/v2\/types\/page"}],"author":[{"embeddable":true,"href":"https:\/\/hotelmelius.com\/en\/wp-json\/wp\/v2\/users\/1"}],"replies":[{"embeddable":true,"href":"https:\/\/hotelmelius.com\/en\/wp-json\/wp\/v2\/comments?post=639"}],"version-history":[{"count":0,"href":"https:\/\/hotelmelius.com\/en\/wp-json\/wp\/v2\/pages\/639\/revisions"}],"wp:attachment":[{"href":"https:\/\/hotelmelius.com\/en\/wp-json\/wp\/v2\/media?parent=639"}],"curies":[{"name":"wp","href":"https:\/\/api.w.org\/{rel}","templated":true}]}}