{"id":434,"date":"2021-01-25T11:46:46","date_gmt":"2021-01-25T11:46:46","guid":{"rendered":"https:\/\/hotelmelius.com\/quartos-copy\/"},"modified":"2021-06-16T20:07:10","modified_gmt":"2021-06-16T20:07:10","slug":"servicos","status":"publish","type":"page","link":"https:\/\/hotelmelius.com\/en\/servicos\/","title":{"rendered":"Services"},"content":{"rendered":"<p>[et_pb_section fb_built=&#8221;1&#8243; _builder_version=&#8221;4.9.1&#8243; _module_preset=&#8221;default&#8221; background_enable_color=&#8221;off&#8221; background_image=&#8221;https:\/\/hotelmelius.com\/wp-content\/uploads\/2021\/03\/servicos.jpg&#8221; parallax=&#8221;on&#8221; min_height=&#8221;300px&#8221; height=&#8221;50vh&#8221; max_height=&#8221;600px&#8221; custom_margin=&#8221;0px|0px|0px|0px|false|false&#8221; custom_padding=&#8221;0px|0px|0px|0px|false|false&#8221; locked=&#8221;off&#8221; collapsed=&#8221;off&#8221;][et_pb_row use_custom_gutter=&#8221;on&#8221; gutter_width=&#8221;1&#8243; _builder_version=&#8221;4.9.0&#8243; _module_preset=&#8221;default&#8221; background_color=&#8221;rgba(255,255,255,0.78)&#8221; width=&#8221;40%&#8221; module_alignment=&#8221;right&#8221; custom_margin=&#8221;60px||||false|false&#8221; hover_enabled=&#8221;0&#8243; border_radii=&#8221;off|8px|||8px&#8221; sticky_enabled=&#8221;0&#8243; disabled_on=&#8221;on|off|off&#8221;][et_pb_column type=&#8221;4_4&#8243; _builder_version=&#8221;4.9.0&#8243; _module_preset=&#8221;default&#8221; background_color=&#8221;RGBA(0,0,0,0)&#8221; positioning=&#8221;none&#8221; position_origin_a=&#8221;center_center&#8221; custom_padding=&#8221;||||false|false&#8221;][et_pb_text _builder_version=&#8221;4.9.3&#8243; _module_preset=&#8221;default&#8221; text_font=&#8221;Montserrat||||||||&#8221; text_font_size=&#8221;17px&#8221; text_line_height=&#8221;1.2em&#8221; background_color=&#8221;RGBA(0,0,0,0)&#8221; text_orientation=&#8221;right&#8221; custom_padding=&#8221;|30px||30px|false|false&#8221;]<\/p>\n<p style=\"text-align: right;\">A hospitalidade alentejana \u00e9 uma das mais populares caracter\u00edsticas da nossa regi\u00e3o. \u00c9 um atributo reconhecidamente pr\u00f3prio das suas gentes, que se traduz na sua forma am\u00e1vel de ser, de estar e receber<\/p>\n<p>[\/et_pb_text][\/et_pb_column][\/et_pb_row][\/et_pb_section][et_pb_section fb_built=&#8221;1&#8243; _builder_version=&#8221;4.9.0&#8243; _module_preset=&#8221;default&#8221; custom_margin=&#8221;0px||0px||false|false&#8221; custom_padding=&#8221;30px||30px||false|false&#8221; locked=&#8221;off&#8221; collapsed=&#8221;off&#8221;][et_pb_row _builder_version=&#8221;4.9.0&#8243; _module_preset=&#8221;default&#8221; custom_margin=&#8221;0px||0px||false|false&#8221; custom_padding=&#8221;0px||0px||false|false&#8221; collapsed=&#8221;off&#8221;][et_pb_column type=&#8221;4_4&#8243; _builder_version=&#8221;4.9.0&#8243; _module_preset=&#8221;default&#8221;][et_pb_text _builder_version=&#8221;4.9.3&#8243; _module_preset=&#8221;default&#8221; text_font=&#8221;Lato|300|||||||&#8221; text_font_size=&#8221;32px&#8221; text_line_height=&#8221;35px&#8221;]<\/p>\n<p style=\"text-align: center;\">Valorizamos a qualidade de servi\u00e7o, o bom atendimento e a satisfa\u00e7\u00e3o de quem nos procura, oferecendo o m\u00e1ximo conforto numa zona calma que convida a explorar a cidade, o seu patrim\u00f3nio e a gastronomia alentejana.<\/p>\n<p style=\"text-align: center;\">Somos o Hotel Ideal para quem viaja em trabalho ou lazer.<\/p>\n<p>[\/et_pb_text][\/et_pb_column][\/et_pb_row][\/et_pb_section][et_pb_section fb_built=&#8221;1&#8243; _builder_version=&#8221;4.9.0&#8243; _module_preset=&#8221;default&#8221; background_color=&#8221;#D6D6D6&#8243; custom_margin=&#8221;0px||0px||false|false&#8221; custom_padding=&#8221;30px||30px||false|false&#8221; collapsed=&#8221;off&#8221;][et_pb_row column_structure=&#8221;2_5,3_5&#8243; _builder_version=&#8221;4.9.0&#8243; _module_preset=&#8221;default&#8221; custom_margin=&#8221;0px||0px||false|false&#8221; custom_padding=&#8221;0px||30px||false|false&#8221;][et_pb_column type=&#8221;2_5&#8243; _builder_version=&#8221;4.9.0&#8243; _module_preset=&#8221;default&#8221;][et_pb_text module_class=&#8221;bgzoomin visible-text&#8221; _builder_version=&#8221;4.9.1&#8243; _module_preset=&#8221;default&#8221; background_image=&#8221;https:\/\/hotelmelius.com\/wp-content\/uploads\/2021\/03\/room_service.jpg&#8221; min_height=&#8221;206px&#8221; max_height=&#8221;206px&#8221; custom_css_main_element__hover_enabled=&#8221;off|desktop&#8221;]<\/p>\n<p>Servi\u00e7o de Quartos<\/p>\n<p>[\/et_pb_text][\/et_pb_column][et_pb_column type=&#8221;3_5&#8243; _builder_version=&#8221;4.9.0&#8243; _module_preset=&#8221;default&#8221;][et_pb_text module_class=&#8221;bgzoomin visible-text&#8221; _builder_version=&#8221;4.9.3&#8243; _module_preset=&#8221;default&#8221; background_image=&#8221;https:\/\/hotelmelius.com\/wp-content\/uploads\/2021\/05\/servicos-peqeuno-almoco.jpg&#8221; min_height=&#8221;206px&#8221; max_height=&#8221;206px&#8221;]<\/p>\n<p>Pequeno Almo\u00e7o<\/p>\n<p>[\/et_pb_text][\/et_pb_column][\/et_pb_row][et_pb_row column_structure=&#8221;3_5,2_5&#8243; _builder_version=&#8221;4.9.0&#8243; _module_preset=&#8221;default&#8221; custom_margin=&#8221;0px||0px||false|false&#8221; custom_padding=&#8221;0px||30px||false|false&#8221;][et_pb_column type=&#8221;3_5&#8243; _builder_version=&#8221;4.9.0&#8243; _module_preset=&#8221;default&#8221;][et_pb_text module_class=&#8221;bgzoomin visible-text&#8221; _builder_version=&#8221;4.9.1&#8243; _module_preset=&#8221;default&#8221; background_image=&#8221;https:\/\/hotelmelius.com\/wp-content\/uploads\/2021\/03\/lavandaria.jpg&#8221; min_height=&#8221;206px&#8221; max_height=&#8221;206px&#8221;]<\/p>\n<p>Lavandaria<\/p>\n<p>[\/et_pb_text][\/et_pb_column][et_pb_column type=&#8221;2_5&#8243; _builder_version=&#8221;4.9.0&#8243; _module_preset=&#8221;default&#8221;][et_pb_text module_class=&#8221;bgzoomin visible-text&#8221; _builder_version=&#8221;4.9.0&#8243; _module_preset=&#8221;default&#8221; background_image=&#8221;https:\/\/hotelmelius.com\/wp-content\/uploads\/2021\/02\/Servicos_despertar.png&#8221; min_height=&#8221;206px&#8221; max_height=&#8221;206px&#8221;]<\/p>\n<p>Servi\u00e7o de despertar<\/p>\n<p>[\/et_pb_text][\/et_pb_column][\/et_pb_row][et_pb_row column_structure=&#8221;2_5,3_5&#8243; _builder_version=&#8221;4.9.0&#8243; _module_preset=&#8221;default&#8221; custom_margin=&#8221;0px||0px||false|false&#8221; custom_padding=&#8221;0px||30px||false|false&#8221;][et_pb_column type=&#8221;2_5&#8243; _builder_version=&#8221;4.9.0&#8243; _module_preset=&#8221;default&#8221;][et_pb_text module_class=&#8221;bgzoomin visible-text&#8221; _builder_version=&#8221;4.9.0&#8243; _module_preset=&#8221;default&#8221; background_image=&#8221;https:\/\/hotelmelius.com\/wp-content\/uploads\/2021\/02\/recepcao24h.jpeg&#8221; min_height=&#8221;206px&#8221; max_height=&#8221;206px&#8221;]<\/p>\n<p>Rece\u00e7\u00e3o 24 Horas<\/p>\n<p>[\/et_pb_text][\/et_pb_column][et_pb_column type=&#8221;3_5&#8243; _builder_version=&#8221;4.9.0&#8243; _module_preset=&#8221;default&#8221;][et_pb_text module_class=&#8221;bgzoomin visible-text&#8221; _builder_version=&#8221;4.9.0&#8243; _module_preset=&#8221;default&#8221; background_image=&#8221;https:\/\/hotelmelius.com\/wp-content\/uploads\/2021\/02\/ginasio.jpg&#8221; min_height=&#8221;206px&#8221; max_height=&#8221;206px&#8221;]<\/p>\n<p>Gin\u00e1sio<\/p>\n<p>[\/et_pb_text][\/et_pb_column][\/et_pb_row][et_pb_row column_structure=&#8221;3_5,2_5&#8243; _builder_version=&#8221;4.9.0&#8243; _module_preset=&#8221;default&#8221; custom_margin=&#8221;0px||0px||false|false&#8221; custom_padding=&#8221;0px||0px||false|false&#8221;][et_pb_column type=&#8221;3_5&#8243; _builder_version=&#8221;4.9.0&#8243; _module_preset=&#8221;default&#8221;][et_pb_text module_class=&#8221;bgzoomin visible-text&#8221; _builder_version=&#8221;4.9.0&#8243; _module_preset=&#8221;default&#8221; background_image=&#8221;https:\/\/hotelmelius.com\/wp-content\/uploads\/2021\/02\/Servicos_padel.png&#8221; min_height=&#8221;206px&#8221; max_height=&#8221;206px&#8221;]<\/p>\n<p>Padel<\/p>\n<p>[\/et_pb_text][\/et_pb_column][et_pb_column type=&#8221;2_5&#8243; _builder_version=&#8221;4.9.0&#8243; _module_preset=&#8221;default&#8221;][et_pb_text module_class=&#8221;bgzoomin visible-text&#8221; _builder_version=&#8221;4.9.0&#8243; _module_preset=&#8221;default&#8221; background_image=&#8221;https:\/\/hotelmelius.com\/wp-content\/uploads\/2021\/02\/Servicos_bar.png&#8221; min_height=&#8221;206px&#8221; max_height=&#8221;206px&#8221;]<\/p>\n<p>Bar<\/p>\n<p>[\/et_pb_text][\/et_pb_column][\/et_pb_row][\/et_pb_section]<\/p>\n","protected":false},"excerpt":{"rendered":"<p>A hospitalidade alentejana \u00e9 uma das mais populares caracter\u00edsticas da nossa regi\u00e3o. \u00c9 um atributo reconhecidamente pr\u00f3prio das suas gentes, que se traduz na sua forma am\u00e1vel de ser, de estar e receberValorizamos a qualidade de servi\u00e7o, o bom atendimento e a satisfa\u00e7\u00e3o de quem nos procura, oferecendo o m\u00e1ximo conforto numa zona calma que [&hellip;]<\/p>\n","protected":false},"author":1,"featured_media":0,"parent":0,"menu_order":0,"comment_status":"closed","ping_status":"closed","template":"","meta":{"_et_pb_use_builder":"on","_et_pb_old_content":"","_et_gb_content_width":"","_monsterinsights_skip_tracking":false,"_monsterinsights_sitenote_active":false,"_monsterinsights_sitenote_note":"","_monsterinsights_sitenote_category":0,"footnotes":""},"class_list":["post-434","page","type-page","status-publish","hentry"],"_links":{"self":[{"href":"https:\/\/hotelmelius.com\/en\/wp-json\/wp\/v2\/pages\/434","targetHints":{"allow":["GET"]}}],"collection":[{"href":"https:\/\/hotelmelius.com\/en\/wp-json\/wp\/v2\/pages"}],"about":[{"href":"https:\/\/hotelmelius.com\/en\/wp-json\/wp\/v2\/types\/page"}],"author":[{"embeddable":true,"href":"https:\/\/hotelmelius.com\/en\/wp-json\/wp\/v2\/users\/1"}],"replies":[{"embeddable":true,"href":"https:\/\/hotelmelius.com\/en\/wp-json\/wp\/v2\/comments?post=434"}],"version-history":[{"count":0,"href":"https:\/\/hotelmelius.com\/en\/wp-json\/wp\/v2\/pages\/434\/revisions"}],"wp:attachment":[{"href":"https:\/\/hotelmelius.com\/en\/wp-json\/wp\/v2\/media?parent=434"}],"curies":[{"name":"wp","href":"https:\/\/api.w.org\/{rel}","templated":true}]}}